{"id":5135,"date":"2016-04-28T12:46:16","date_gmt":"2016-04-28T12:46:16","guid":{"rendered":"http:\/\/www.languagereach.com\/?page_id=5135"},"modified":"2016-04-28T12:50:38","modified_gmt":"2016-04-28T12:50:38","slug":"quienes-somos","status":"publish","type":"page","link":"https:\/\/www.languagereach.com\/es\/quienes-somos\/","title":{"rendered":"Qui\u00e9nes Somos"},"content":{"rendered":"","protected":false},"excerpt":{"rendered":"","protected":false},"author":1,"featured_media":0,"parent":0,"menu_order":0,"comment_status":"closed","ping_status":"closed","template":"","meta":{"footnotes":""},"class_list":["post-5135","page","type-page","status-publish","hentry"],"yoast_head":"<!-- This site is optimized with the Yoast SEO plugin v27.3 - https:\/\/yoast.com\/product\/yoast-seo-wordpress\/ -->\n<title>Servicios de traducci\u00f3n | Language Reach<\/title>\n<meta name=\"description\" content=\"Agencia de traducci\u00f3n profesional. Language Reach trabaja con 8.000 ling\u00fcistas y 150 idiomas para asegurar servicios r\u00e1pidos y de confianza.\" \/>\n<meta name=\"robots\" content=\"index, follow, max-snippet:-1, max-image-preview:large, max-video-preview:-1\" \/>\n<link rel=\"canonical\" href=\"https:\/\/www.languagereach.com\/es\/quienes-somos\/\" \/>\n<meta property=\"og:locale\" content=\"es_ES\" \/>\n<meta property=\"og:type\" content=\"article\" \/>\n<meta property=\"og:title\" content=\"Servicios de traducci\u00f3n | Language Reach\" \/>\n<meta property=\"og:description\" content=\"Agencia de traducci\u00f3n profesional. Language Reach trabaja con 8.000 ling\u00fcistas y 150 idiomas para asegurar servicios r\u00e1pidos y de confianza.\" \/>\n<meta property=\"og:url\" content=\"https:\/\/www.languagereach.com\/es\/quienes-somos\/\" \/>\n<meta property=\"article:modified_time\" content=\"2016-04-28T12:50:38+00:00\" \/>\n<script type=\"application\/ld+json\" class=\"yoast-schema-graph\">{\"@context\":\"https:\\\/\\\/schema.org\",\"@graph\":[{\"@type\":\"WebPage\",\"@id\":\"https:\\\/\\\/www.languagereach.com\\\/es\\\/quienes-somos\\\/\",\"url\":\"https:\\\/\\\/www.languagereach.com\\\/es\\\/quienes-somos\\\/\",\"name\":\"Servicios de traducci\u00f3n | Language Reach\",\"isPartOf\":{\"@id\":\"https:\\\/\\\/www.languagereach.com\\\/#website\"},\"datePublished\":\"2016-04-28T12:46:16+00:00\",\"dateModified\":\"2016-04-28T12:50:38+00:00\",\"description\":\"Agencia de traducci\u00f3n profesional. Language Reach trabaja con 8.000 ling\u00fcistas y 150 idiomas para asegurar servicios r\u00e1pidos y de confianza.\",\"breadcrumb\":{\"@id\":\"https:\\\/\\\/www.languagereach.com\\\/es\\\/quienes-somos\\\/#breadcrumb\"},\"inLanguage\":\"es\",\"potentialAction\":[{\"@type\":\"ReadAction\",\"target\":[\"https:\\\/\\\/www.languagereach.com\\\/es\\\/quienes-somos\\\/\"]}]},{\"@type\":\"BreadcrumbList\",\"@id\":\"https:\\\/\\\/www.languagereach.com\\\/es\\\/quienes-somos\\\/#breadcrumb\",\"itemListElement\":[{\"@type\":\"ListItem\",\"position\":1,\"name\":\"Home\",\"item\":\"https:\\\/\\\/www.languagereach.com\\\/es\\\/\"},{\"@type\":\"ListItem\",\"position\":2,\"name\":\"Qui\u00e9nes Somos\"}]},{\"@type\":\"WebSite\",\"@id\":\"https:\\\/\\\/www.languagereach.com\\\/#website\",\"url\":\"https:\\\/\\\/www.languagereach.com\\\/\",\"name\":\"\",\"description\":\"\",\"potentialAction\":[{\"@type\":\"SearchAction\",\"target\":{\"@type\":\"EntryPoint\",\"urlTemplate\":\"https:\\\/\\\/www.languagereach.com\\\/?s={search_term_string}\"},\"query-input\":{\"@type\":\"PropertyValueSpecification\",\"valueRequired\":true,\"valueName\":\"search_term_string\"}}],\"inLanguage\":\"es\"}]}<\/script>\n<!-- \/ Yoast SEO plugin. -->","yoast_head_json":{"title":"Servicios de traducci\u00f3n | Language Reach","description":"Agencia de traducci\u00f3n profesional. Language Reach trabaja con 8.000 ling\u00fcistas y 150 idiomas para asegurar servicios r\u00e1pidos y de confianza.","robots":{"index":"index","follow":"follow","max-snippet":"max-snippet:-1","max-image-preview":"max-image-preview:large","max-video-preview":"max-video-preview:-1"},"canonical":"https:\/\/www.languagereach.com\/es\/quienes-somos\/","og_locale":"es_ES","og_type":"article","og_title":"Servicios de traducci\u00f3n | Language Reach","og_description":"Agencia de traducci\u00f3n profesional. Language Reach trabaja con 8.000 ling\u00fcistas y 150 idiomas para asegurar servicios r\u00e1pidos y de confianza.","og_url":"https:\/\/www.languagereach.com\/es\/quienes-somos\/","article_modified_time":"2016-04-28T12:50:38+00:00","schema":{"@context":"https:\/\/schema.org","@graph":[{"@type":"WebPage","@id":"https:\/\/www.languagereach.com\/es\/quienes-somos\/","url":"https:\/\/www.languagereach.com\/es\/quienes-somos\/","name":"Servicios de traducci\u00f3n | Language Reach","isPartOf":{"@id":"https:\/\/www.languagereach.com\/#website"},"datePublished":"2016-04-28T12:46:16+00:00","dateModified":"2016-04-28T12:50:38+00:00","description":"Agencia de traducci\u00f3n profesional. Language Reach trabaja con 8.000 ling\u00fcistas y 150 idiomas para asegurar servicios r\u00e1pidos y de confianza.","breadcrumb":{"@id":"https:\/\/www.languagereach.com\/es\/quienes-somos\/#breadcrumb"},"inLanguage":"es","potentialAction":[{"@type":"ReadAction","target":["https:\/\/www.languagereach.com\/es\/quienes-somos\/"]}]},{"@type":"BreadcrumbList","@id":"https:\/\/www.languagereach.com\/es\/quienes-somos\/#breadcrumb","itemListElement":[{"@type":"ListItem","position":1,"name":"Home","item":"https:\/\/www.languagereach.com\/es\/"},{"@type":"ListItem","position":2,"name":"Qui\u00e9nes Somos"}]},{"@type":"WebSite","@id":"https:\/\/www.languagereach.com\/#website","url":"https:\/\/www.languagereach.com\/","name":"","description":"","potentialAction":[{"@type":"SearchAction","target":{"@type":"EntryPoint","urlTemplate":"https:\/\/www.languagereach.com\/?s={search_term_string}"},"query-input":{"@type":"PropertyValueSpecification","valueRequired":true,"valueName":"search_term_string"}}],"inLanguage":"es"}]}},"_links":{"self":[{"href":"https:\/\/www.languagereach.com\/es\/wp-json\/wp\/v2\/pages\/5135","targetHints":{"allow":["GET"]}}],"collection":[{"href":"https:\/\/www.languagereach.com\/es\/wp-json\/wp\/v2\/pages"}],"about":[{"href":"https:\/\/www.languagereach.com\/es\/wp-json\/wp\/v2\/types\/page"}],"author":[{"embeddable":true,"href":"https:\/\/www.languagereach.com\/es\/wp-json\/wp\/v2\/users\/1"}],"replies":[{"embeddable":true,"href":"https:\/\/www.languagereach.com\/es\/wp-json\/wp\/v2\/comments?post=5135"}],"version-history":[{"count":1,"href":"https:\/\/www.languagereach.com\/es\/wp-json\/wp\/v2\/pages\/5135\/revisions"}],"predecessor-version":[{"id":5140,"href":"https:\/\/www.languagereach.com\/es\/wp-json\/wp\/v2\/pages\/5135\/revisions\/5140"}],"wp:attachment":[{"href":"https:\/\/www.languagereach.com\/es\/wp-json\/wp\/v2\/media?parent=5135"}],"curies":[{"name":"wp","href":"https:\/\/api.w.org\/{rel}","templated":true}]}}