{"id":5352,"date":"2016-05-05T11:10:59","date_gmt":"2016-05-05T11:10:59","guid":{"rendered":"http:\/\/www.languagereach.com\/es\/?page_id=5352"},"modified":"2016-05-05T11:10:59","modified_gmt":"2016-05-05T11:10:59","slug":"dtp","status":"publish","type":"page","link":"https:\/\/www.languagereach.com\/es\/servicios\/dtp\/","title":{"rendered":"DTP"},"content":{"rendered":"","protected":false},"excerpt":{"rendered":"","protected":false},"author":1,"featured_media":0,"parent":5219,"menu_order":0,"comment_status":"open","ping_status":"closed","template":"","meta":{"footnotes":""},"class_list":["post-5352","page","type-page","status-publish","hentry"],"yoast_head":"<!-- This site is optimized with the Yoast SEO plugin v27.3 - https:\/\/yoast.com\/product\/yoast-seo-wordpress\/ -->\n<title>Servicios de autoedici\u00f3n o desktop publishing | Language Reach<\/title>\n<meta name=\"description\" content=\"Servicios de autoedici\u00f3n o desktop publishing (DTP) r\u00e1pidos y expertos. Language Reach trabaja con 8.000 traductores y ling\u00fcistas para garantizar fidelidad.\" \/>\n<meta name=\"robots\" content=\"index, follow, max-snippet:-1, max-image-preview:large, max-video-preview:-1\" \/>\n<link rel=\"canonical\" href=\"https:\/\/www.languagereach.com\/services\/dtp\/\" \/>\n<meta property=\"og:locale\" content=\"es_ES\" \/>\n<meta property=\"og:type\" content=\"article\" \/>\n<meta property=\"og:title\" content=\"Servicios de autoedici\u00f3n o desktop publishing | Language Reach\" \/>\n<meta property=\"og:description\" content=\"Servicios de autoedici\u00f3n o desktop publishing (DTP) r\u00e1pidos y expertos. Language Reach trabaja con 8.000 traductores y ling\u00fcistas para garantizar fidelidad.\" \/>\n<meta property=\"og:url\" content=\"https:\/\/www.languagereach.com\/services\/dtp\/\" \/>\n<script type=\"application\/ld+json\" class=\"yoast-schema-graph\">{\"@context\":\"https:\\\/\\\/schema.org\",\"@graph\":[{\"@type\":\"WebPage\",\"@id\":\"https:\\\/\\\/www.languagereach.com\\\/services\\\/dtp\\\/\",\"url\":\"https:\\\/\\\/www.languagereach.com\\\/services\\\/dtp\\\/\",\"name\":\"Servicios de autoedici\u00f3n o desktop publishing | Language Reach\",\"isPartOf\":{\"@id\":\"https:\\\/\\\/www.languagereach.com\\\/#website\"},\"datePublished\":\"2016-05-05T11:10:59+00:00\",\"description\":\"Servicios de autoedici\u00f3n o desktop publishing (DTP) r\u00e1pidos y expertos. Language Reach trabaja con 8.000 traductores y ling\u00fcistas para garantizar fidelidad.\",\"breadcrumb\":{\"@id\":\"https:\\\/\\\/www.languagereach.com\\\/services\\\/dtp\\\/#breadcrumb\"},\"inLanguage\":\"es\",\"potentialAction\":[{\"@type\":\"ReadAction\",\"target\":[\"https:\\\/\\\/www.languagereach.com\\\/services\\\/dtp\\\/\"]}]},{\"@type\":\"BreadcrumbList\",\"@id\":\"https:\\\/\\\/www.languagereach.com\\\/services\\\/dtp\\\/#breadcrumb\",\"itemListElement\":[{\"@type\":\"ListItem\",\"position\":1,\"name\":\"Home\",\"item\":\"https:\\\/\\\/www.languagereach.com\\\/es\\\/\"},{\"@type\":\"ListItem\",\"position\":2,\"name\":\"Servicios\",\"item\":\"https:\\\/\\\/www.languagereach.com\\\/es\\\/servicios\\\/\"},{\"@type\":\"ListItem\",\"position\":3,\"name\":\"DTP\"}]},{\"@type\":\"WebSite\",\"@id\":\"https:\\\/\\\/www.languagereach.com\\\/#website\",\"url\":\"https:\\\/\\\/www.languagereach.com\\\/\",\"name\":\"\",\"description\":\"\",\"potentialAction\":[{\"@type\":\"SearchAction\",\"target\":{\"@type\":\"EntryPoint\",\"urlTemplate\":\"https:\\\/\\\/www.languagereach.com\\\/?s={search_term_string}\"},\"query-input\":{\"@type\":\"PropertyValueSpecification\",\"valueRequired\":true,\"valueName\":\"search_term_string\"}}],\"inLanguage\":\"es\"}]}<\/script>\n<!-- \/ Yoast SEO plugin. -->","yoast_head_json":{"title":"Servicios de autoedici\u00f3n o desktop publishing | Language Reach","description":"Servicios de autoedici\u00f3n o desktop publishing (DTP) r\u00e1pidos y expertos. Language Reach trabaja con 8.000 traductores y ling\u00fcistas para garantizar fidelidad.","robots":{"index":"index","follow":"follow","max-snippet":"max-snippet:-1","max-image-preview":"max-image-preview:large","max-video-preview":"max-video-preview:-1"},"canonical":"https:\/\/www.languagereach.com\/services\/dtp\/","og_locale":"es_ES","og_type":"article","og_title":"Servicios de autoedici\u00f3n o desktop publishing | Language Reach","og_description":"Servicios de autoedici\u00f3n o desktop publishing (DTP) r\u00e1pidos y expertos. Language Reach trabaja con 8.000 traductores y ling\u00fcistas para garantizar fidelidad.","og_url":"https:\/\/www.languagereach.com\/services\/dtp\/","schema":{"@context":"https:\/\/schema.org","@graph":[{"@type":"WebPage","@id":"https:\/\/www.languagereach.com\/services\/dtp\/","url":"https:\/\/www.languagereach.com\/services\/dtp\/","name":"Servicios de autoedici\u00f3n o desktop publishing | Language Reach","isPartOf":{"@id":"https:\/\/www.languagereach.com\/#website"},"datePublished":"2016-05-05T11:10:59+00:00","description":"Servicios de autoedici\u00f3n o desktop publishing (DTP) r\u00e1pidos y expertos. Language Reach trabaja con 8.000 traductores y ling\u00fcistas para garantizar fidelidad.","breadcrumb":{"@id":"https:\/\/www.languagereach.com\/services\/dtp\/#breadcrumb"},"inLanguage":"es","potentialAction":[{"@type":"ReadAction","target":["https:\/\/www.languagereach.com\/services\/dtp\/"]}]},{"@type":"BreadcrumbList","@id":"https:\/\/www.languagereach.com\/services\/dtp\/#breadcrumb","itemListElement":[{"@type":"ListItem","position":1,"name":"Home","item":"https:\/\/www.languagereach.com\/es\/"},{"@type":"ListItem","position":2,"name":"Servicios","item":"https:\/\/www.languagereach.com\/es\/servicios\/"},{"@type":"ListItem","position":3,"name":"DTP"}]},{"@type":"WebSite","@id":"https:\/\/www.languagereach.com\/#website","url":"https:\/\/www.languagereach.com\/","name":"","description":"","potentialAction":[{"@type":"SearchAction","target":{"@type":"EntryPoint","urlTemplate":"https:\/\/www.languagereach.com\/?s={search_term_string}"},"query-input":{"@type":"PropertyValueSpecification","valueRequired":true,"valueName":"search_term_string"}}],"inLanguage":"es"}]}},"_links":{"self":[{"href":"https:\/\/www.languagereach.com\/es\/wp-json\/wp\/v2\/pages\/5352","targetHints":{"allow":["GET"]}}],"collection":[{"href":"https:\/\/www.languagereach.com\/es\/wp-json\/wp\/v2\/pages"}],"about":[{"href":"https:\/\/www.languagereach.com\/es\/wp-json\/wp\/v2\/types\/page"}],"author":[{"embeddable":true,"href":"https:\/\/www.languagereach.com\/es\/wp-json\/wp\/v2\/users\/1"}],"replies":[{"embeddable":true,"href":"https:\/\/www.languagereach.com\/es\/wp-json\/wp\/v2\/comments?post=5352"}],"version-history":[{"count":1,"href":"https:\/\/www.languagereach.com\/es\/wp-json\/wp\/v2\/pages\/5352\/revisions"}],"predecessor-version":[{"id":5357,"href":"https:\/\/www.languagereach.com\/es\/wp-json\/wp\/v2\/pages\/5352\/revisions\/5357"}],"up":[{"embeddable":true,"href":"https:\/\/www.languagereach.com\/es\/wp-json\/wp\/v2\/pages\/5219"}],"wp:attachment":[{"href":"https:\/\/www.languagereach.com\/es\/wp-json\/wp\/v2\/media?parent=5352"}],"curies":[{"name":"wp","href":"https:\/\/api.w.org\/{rel}","templated":true}]}}